{"id":98,"date":"2023-12-20T21:51:52","date_gmt":"2023-12-20T20:51:52","guid":{"rendered":"https:\/\/mjcarsimport.com\/?page_id=98"},"modified":"2024-01-21T14:50:30","modified_gmt":"2024-01-21T13:50:30","slug":"accompagnement-administratif","status":"publish","type":"page","link":"https:\/\/mjcarsimport.com\/index.php\/accompagnement-administratif\/","title":{"rendered":"Accompagnement administratif"},"content":{"rendered":"\n<div class=\"wp-block-group is-layout-constrained wp-block-group-is-layout-constrained\"><div class=\"wp-block-group__inner-container\">\n<div style=\"height:45px\" aria-hidden=\"true\" class=\"wp-block-spacer\"><\/div>\n\n\n\n<p>Les d\u00e9marches administratives sont non seulement chronophages, lourdes et source de stress pour grand nombre de particuliers. C&#8217;est la raison pour laquelle les \u00e9quipes de MJ CARS IMPORT prennent \u00e0 leur charge la r\u00e9alisation de l&#8217;int\u00e9gralit\u00e9 des d\u00e9marches administratives lors de la validation de la commande. Les \u00e9quipes de MJ CARS IMPORT sont en mesure de vous assister de A \u00e0 Z afin de vous accorder une tranquilit\u00e9 d&#8217;esprit. <\/p>\n\n\n\n<p>Que cela concerne le d\u00e9douanement, la premi\u00e8re immatriculation en France, le passage du contr\u00f4le technique ou toutes autres obligations l\u00e9gales, nous validons pour vous chacune des \u00e9tapes de constitution du dossier aupr\u00e8s de l&#8217;administration fran\u00e7aise et des interlocuteurs \u00e9trangers.<\/p>\n\n\n\n<p>Faire appel \u00e0 un professionnel pour importer son v\u00e9hicule c&#8217;est \u00e0 la fois se pr\u00e9munir de tout risque l\u00e9gal mais aussi d&#8217;\u00e9viter d&#8217;\u00e9ventuelles mauvaises surprises lors de l&#8217;enregistrement de votre v\u00e9hicule (malus \u00e9cologique \u00e0 r\u00e9gler, carte grise non-conforme, v\u00e9hicule identifi\u00e9 dans le registre des v\u00e9hicules vol\u00e9s)&#8230;<\/p>\n\n\n\n<h2 class=\"wp-block-heading\">Les d\u00e9marches \u00e0 r\u00e9aliser<\/h2>\n\n\n\n<p>Les d\u00e9marches courantes \u00e0 r\u00e9aliser lorsque l&#8217;on souhaite immatriculer un v\u00e9hicule en France (douane, carte grise, contr\u00f4le technique, documents de preuves de paiement,  TVA et malus a payer si applicable)<\/p>\n<\/div><\/div>\n\n\n\n<div style=\"height:45px\" aria-hidden=\"true\" class=\"wp-block-spacer\"><\/div>\n\n\n\n<div class=\"wp-block-group is-layout-constrained wp-block-group-is-layout-constrained\"><div class=\"wp-block-group__inner-container\">\n<h2 class=\"wp-block-heading\">Les arnaques et risques courants \u00e0 \u00e9viter<\/h2>\n\n\n\n<p>Les risques \/ arnaques courantes constat\u00e9s lorsque l&#8217;on souhaite r\u00e9aliser ceci par soi m\u00eame sans connaissances particuli\u00e8res: <\/p>\n\n\n\n<ul>\n<li>V\u00e9hicule non d\u00e9douan\u00e9<\/li>\n\n\n\n<li>TVA impay\u00e9e<\/li>\n\n\n\n<li>V\u00e9hicule avec un kilom\u00e9trage non certifi\u00e9<\/li>\n\n\n\n<li>V\u00e9hicule accident\u00e9<\/li>\n\n\n\n<li>V\u00e9hicule gag\u00e9 ou vol\u00e9<\/li>\n\n\n\n<li>Malus \u00e0 payer<\/li>\n\n\n\n<li>V\u00e9hicule endommag\u00e9<\/li>\n<\/ul>\n<\/div><\/div>\n\n\n\n<div style=\"height:45px\" aria-hidden=\"true\" class=\"wp-block-spacer\"><\/div>\n\n\n\n<div class=\"wp-block-group is-layout-constrained wp-block-group-is-layout-constrained\"><div class=\"wp-block-group__inner-container\">\n<h2 class=\"wp-block-heading\">L&#8217;accompagnement MJ CARS IMPORT en d\u00e9tail<\/h2>\n\n\n\n<p>MJ CARS IMPORT apporte une s\u00e9r\u00e9nit\u00e9 dans la r\u00e9alisation de votre projet d&#8217;import de v\u00e9hicule. Nous nous occupons de toutes les d\u00e9marches de A \u00e0 Z, sans que vous n&#8217;ayez \u00e0 vous en tracasser. <\/p>\n\n\n\n<p>Nous parlons couramment anglais ce qui nous permet de communiquer \u00e0 travers l&#8217;Europe avec beaucoup de facilit\u00e9, cela nous apporte une polyvalence et une large gamme de choix disponibles car nous pouvons exploiter l&#8217;ensemble du march\u00e9 europ\u00e9en. <\/p>\n\n\n\n<p>Nous sommes passionn\u00e9s du domaine automobile et saurons vous faire part de notre oeil agu\u00e9ri ainsi que de notre expertise. <\/p>\n<\/div><\/div>\n\n\n\n<div style=\"height:45px\" aria-hidden=\"true\" class=\"wp-block-spacer\"><\/div>\n\n\n\n<div class=\"wp-block-group is-layout-constrained wp-block-group-is-layout-constrained\"><div class=\"wp-block-group__inner-container\">\n<h2 class=\"wp-block-heading\">Sc\u00e9nario courant<\/h2>\n\n\n\n<p>Vous cherchez un v\u00e9hicule \u00e0 importer mais vous ne savez pas commet faire ou n&#8217;avez pas le temps ? <\/p>\n\n\n\n<p>Les \u00e9quipes de MJ Cars Import sont la solution!<\/p>\n\n\n\n<p>Vous nous transmettez vos crit\u00e8res, nous cherchons et contactons diff\u00e8rentes concessions cibl\u00e9es d&#8217;apr\u00e8s vos exigences; nous revenons vers vous.<\/p>\n\n\n\n<p>Si le v\u00e9hicule convient \u00e0 vos attentes nous vous proposons le passage d&#8217;un expert automobile sur place qui permet de s&#8217;assurer de l&#8217;\u00e9tat du v\u00e9hicule (absence de corrosion, v\u00e9hicule non accident\u00e9, en r\u00e8gle ) etc.<\/p>\n\n\n\n<p>Nous nous occupons des d\u00e9marches administratives si vous d\u00e9cidez d&#8217;acqu\u00e9rir ce v\u00e9hicule, quitus fiscal, d\u00e9douanement, TVA, Malus fiscal, plaques WW et d\u00e9finitives.<\/p>\n\n\n\n<p>Puis nous convenons d&#8217;un lieu et d&#8217;une date de remise de v\u00e9hicule \u00e0 votre convenance afin de livrer le v\u00e9hicule dans les meilleures conditions possible. <\/p>\n\n\n\n<p>Il est possible d&#8217;ajouter des prestation suppl\u00e9mentaires (Garantie m\u00e9canique, traitement c\u00e9ramique, lustrage, pose de pi\u00e8ces performances&#8230;)<\/p>\n\n\n\n<p>Les \u00e9quipes de MJ Cars Import sont en mesure de fournir tous les services n\u00e9cessaires \u00e0 l&#8217;utilisation et l&#8217;am\u00e9lioration de vos v\u00e9hicules. <\/p>\n<\/div><\/div>\n\n\n\n<div style=\"height:45px\" aria-hidden=\"true\" class=\"wp-block-spacer\"><\/div>\n\n\n\n<div class=\"wp-block-group is-layout-constrained wp-block-group-is-layout-constrained\"><div class=\"wp-block-group__inner-container\">\n<h2 class=\"wp-block-heading\">Conclusion<\/h2>\n\n\n\n<p>MJ CARS IMPORT facilite les d\u00e9marches en vous dispensant de vous occuper de la partie recherche, n\u00e9gociations, traitement des t\u00e2ches administratives et bien plus encore. Cela vous \u00e9vite de perdre un temps cons\u00e9quent sur des t\u00e2ches fastidieuses, vous \u00e9vite les arnaques,  permet des \u00e9conomies mais aussi l&#8217;acc\u00e8s \u00e0 des v\u00e9hicules prestigieux \u00e0 l&#8217;historique limpide.<\/p>\n\n\n\n<p>Nous nous rendons disponible 7J\/7 afin d&#8217;\u00eatre les plus r\u00e9actifs possible et de r\u00e9pondre \u00e0 vos besoins dans les plus brefs d\u00e9lais.<\/p>\n\n\n\n<p>Cela est rendu possible gr\u00e2ce \u00e0 notre r\u00e9seau de partenaires de confiance:<\/p>\n<\/div><\/div>\n\n\n\n<ul>\n<li>Partenaire pour les prestations Detailling<\/li>\n\n\n\n<li>Partenaire pour les prestations m\u00e9caniques et performances<\/li>\n\n\n\n<li>Partenaire pour les expertises sur place et v\u00e9rifications des v\u00e9hicules<\/li>\n\n\n\n<li>Partenaire pour les d\u00e9marches administratives<\/li>\n\n\n\n<li>Partenaire pour les garanties m\u00e9caniques <\/li>\n<\/ul>\n\n\n\n<div class=\"wp-block-group is-layout-constrained wp-block-group-is-layout-constrained\"><div class=\"wp-block-group__inner-container\">\n<p><\/p>\n\n\n\n<div style=\"height:45px\" aria-hidden=\"true\" class=\"wp-block-spacer\"><\/div>\n<\/div><\/div>\n","protected":false},"excerpt":{"rendered":"<p>Les d\u00e9marches administratives sont non seulement chronophages, lourdes et source de stress pour grand nombre de particuliers. C&#8217;est la raison pour laquelle les \u00e9quipes de MJ CARS IMPORT prennent \u00e0 leur charge la r\u00e9alisation de l&#8217;int\u00e9gralit\u00e9 des d\u00e9marches administratives lors de la validation de la commande. Les \u00e9quipes de MJ CARS IMPORT sont en mesure [&hellip;]<\/p>\n","protected":false},"author":1,"featured_media":0,"parent":0,"menu_order":0,"comment_status":"closed","ping_status":"closed","template":"","meta":{"footnotes":""},"_links":{"self":[{"href":"https:\/\/mjcarsimport.com\/index.php\/wp-json\/wp\/v2\/pages\/98"}],"collection":[{"href":"https:\/\/mjcarsimport.com\/index.php\/wp-json\/wp\/v2\/pages"}],"about":[{"href":"https:\/\/mjcarsimport.com\/index.php\/wp-json\/wp\/v2\/types\/page"}],"author":[{"embeddable":true,"href":"https:\/\/mjcarsimport.com\/index.php\/wp-json\/wp\/v2\/users\/1"}],"replies":[{"embeddable":true,"href":"https:\/\/mjcarsimport.com\/index.php\/wp-json\/wp\/v2\/comments?post=98"}],"version-history":[{"count":21,"href":"https:\/\/mjcarsimport.com\/index.php\/wp-json\/wp\/v2\/pages\/98\/revisions"}],"predecessor-version":[{"id":471,"href":"https:\/\/mjcarsimport.com\/index.php\/wp-json\/wp\/v2\/pages\/98\/revisions\/471"}],"wp:attachment":[{"href":"https:\/\/mjcarsimport.com\/index.php\/wp-json\/wp\/v2\/media?parent=98"}],"curies":[{"name":"wp","href":"https:\/\/api.w.org\/{rel}","templated":true}]}}