{"id":96,"date":"2023-12-20T21:51:38","date_gmt":"2023-12-20T20:51:38","guid":{"rendered":"https:\/\/mjcarsimport.com\/?page_id=96"},"modified":"2024-01-21T10:12:53","modified_gmt":"2024-01-21T09:12:53","slug":"import-de-vehicules","status":"publish","type":"page","link":"https:\/\/mjcarsimport.com\/index.php\/import-de-vehicules\/","title":{"rendered":"Import de v\u00e9hicules"},"content":{"rendered":"\n<p>Nous rapatrions pour vous votre nouvelle acquisition par l&#8217;interm\u00e9diaire de notre transporteur de confiance. La livraison de votre v\u00e9hicule se fait de mani\u00e8re professionnelle, s\u00e9curis\u00e9e et efficace. <\/p>\n\n\n\n<p>Il est tout \u00e0 fait possible de ramener le v\u00e9hicule par la route, les \u00e9quipes de MJ CARS IMPORT prendront le plus grand soin de votre v\u00e9hicule. <\/p>\n\n\n\n<p>Les v\u00e9hicules command\u00e9s transitent couverts et \u00e0 l&#8217;abri des intemp\u00e9ries. L&#8217;\u00e9tat du v\u00e9hicule est contr\u00f4l\u00e9 lors de son premier chargement sur la remorque ainsi que lors de sa r\u00e9ception finale. Pour chaque import nous constituons un dossier photo et vid\u00e9o afin de vous assurer une totale transparence quant au bon respect de la carrosserie et de l&#8217;esth\u00e9tique g\u00e9n\u00e9rale du v\u00e9hicule.<\/p>\n\n\n\n<p>Vous \u00eates bien \u00e9videmment averti \u00e0 chacune des \u00e9tapes de livraison par t\u00e9l\u00e9phone et par mail afin de vous garantir une tra\u00e7abilit\u00e9 compl\u00e8te de l&#8217;avancement du processus. <\/p>\n","protected":false},"excerpt":{"rendered":"<p>Nous rapatrions pour vous votre nouvelle acquisition par l&#8217;interm\u00e9diaire de notre transporteur de confiance. La livraison de votre v\u00e9hicule se fait de mani\u00e8re professionnelle, s\u00e9curis\u00e9e et efficace. Il est tout \u00e0 fait possible de ramener le v\u00e9hicule par la route, les \u00e9quipes de MJ CARS IMPORT prendront le plus grand soin de votre v\u00e9hicule. Les [&hellip;]<\/p>\n","protected":false},"author":1,"featured_media":0,"parent":0,"menu_order":0,"comment_status":"closed","ping_status":"closed","template":"","meta":{"footnotes":""},"_links":{"self":[{"href":"https:\/\/mjcarsimport.com\/index.php\/wp-json\/wp\/v2\/pages\/96"}],"collection":[{"href":"https:\/\/mjcarsimport.com\/index.php\/wp-json\/wp\/v2\/pages"}],"about":[{"href":"https:\/\/mjcarsimport.com\/index.php\/wp-json\/wp\/v2\/types\/page"}],"author":[{"embeddable":true,"href":"https:\/\/mjcarsimport.com\/index.php\/wp-json\/wp\/v2\/users\/1"}],"replies":[{"embeddable":true,"href":"https:\/\/mjcarsimport.com\/index.php\/wp-json\/wp\/v2\/comments?post=96"}],"version-history":[{"count":2,"href":"https:\/\/mjcarsimport.com\/index.php\/wp-json\/wp\/v2\/pages\/96\/revisions"}],"predecessor-version":[{"id":371,"href":"https:\/\/mjcarsimport.com\/index.php\/wp-json\/wp\/v2\/pages\/96\/revisions\/371"}],"wp:attachment":[{"href":"https:\/\/mjcarsimport.com\/index.php\/wp-json\/wp\/v2\/media?parent=96"}],"curies":[{"name":"wp","href":"https:\/\/api.w.org\/{rel}","templated":true}]}}