{"id":94,"date":"2023-12-20T21:51:24","date_gmt":"2023-12-20T20:51:24","guid":{"rendered":"https:\/\/mjcarsimport.com\/?page_id=94"},"modified":"2024-01-21T13:41:30","modified_gmt":"2024-01-21T12:41:30","slug":"recherche-personnalisee","status":"publish","type":"page","link":"https:\/\/mjcarsimport.com\/index.php\/recherche-personnalisee\/","title":{"rendered":"Recherche personnalis\u00e9e"},"content":{"rendered":"\n<p>MJ CARS IMPORT se charge de rechercher \u00e0 travers l&#8217;Europe les mod\u00e8les de v\u00e9hicules de vos r\u00eaves selon un cahier des charges  d\u00e9fini \u00e0 l&#8217;avance selon vos go\u00fbts et vos exigences personnelles. <\/p>\n\n\n\n<p>Nous identifions ensemble lors d&#8217;un rendez-vous pr\u00e9alable le type de v\u00e9hicule que vous souhaitez, vos constructeurs de pr\u00e9dilection ainsi que l&#8217;ensemble des crit\u00e8res qui rendent votre choix si particulier (motorisation, finition, \u00e9dition limit\u00e9e, options sp\u00e9cifiques, kilom\u00e9trage et bien plus encore&#8230;)<\/p>\n\n\n\n<div style=\"height:61px\" aria-hidden=\"true\" class=\"wp-block-spacer\"><\/div>\n\n\n<div class=\"wp-block-image\">\n<figure class=\"aligncenter size-large is-resized\"><img loading=\"lazy\" decoding=\"async\" width=\"768\" height=\"1024\" src=\"https:\/\/mjcarsimport.com\/wp-content\/uploads\/2024\/01\/Design-sans-titre-1-768x1024.jpg\" alt=\"\" class=\"wp-image-413\" style=\"width:301px;height:auto\" srcset=\"https:\/\/mjcarsimport.com\/wp-content\/uploads\/2024\/01\/Design-sans-titre-1-768x1024.jpg 768w, https:\/\/mjcarsimport.com\/wp-content\/uploads\/2024\/01\/Design-sans-titre-1-225x300.jpg 225w, https:\/\/mjcarsimport.com\/wp-content\/uploads\/2024\/01\/Design-sans-titre-1.jpg 900w\" sizes=\"(max-width: 768px) 100vw, 768px\" \/><\/figure><\/div>","protected":false},"excerpt":{"rendered":"<p>MJ CARS IMPORT se charge de rechercher \u00e0 travers l&#8217;Europe les mod\u00e8les de v\u00e9hicules de vos r\u00eaves selon un cahier des charges d\u00e9fini \u00e0 l&#8217;avance selon vos go\u00fbts et vos exigences personnelles. Nous identifions ensemble lors d&#8217;un rendez-vous pr\u00e9alable le type de v\u00e9hicule que vous souhaitez, vos constructeurs de pr\u00e9dilection ainsi que l&#8217;ensemble des crit\u00e8res [&hellip;]<\/p>\n","protected":false},"author":1,"featured_media":0,"parent":0,"menu_order":0,"comment_status":"closed","ping_status":"closed","template":"","meta":{"footnotes":""},"_links":{"self":[{"href":"https:\/\/mjcarsimport.com\/index.php\/wp-json\/wp\/v2\/pages\/94"}],"collection":[{"href":"https:\/\/mjcarsimport.com\/index.php\/wp-json\/wp\/v2\/pages"}],"about":[{"href":"https:\/\/mjcarsimport.com\/index.php\/wp-json\/wp\/v2\/types\/page"}],"author":[{"embeddable":true,"href":"https:\/\/mjcarsimport.com\/index.php\/wp-json\/wp\/v2\/users\/1"}],"replies":[{"embeddable":true,"href":"https:\/\/mjcarsimport.com\/index.php\/wp-json\/wp\/v2\/comments?post=94"}],"version-history":[{"count":7,"href":"https:\/\/mjcarsimport.com\/index.php\/wp-json\/wp\/v2\/pages\/94\/revisions"}],"predecessor-version":[{"id":416,"href":"https:\/\/mjcarsimport.com\/index.php\/wp-json\/wp\/v2\/pages\/94\/revisions\/416"}],"wp:attachment":[{"href":"https:\/\/mjcarsimport.com\/index.php\/wp-json\/wp\/v2\/media?parent=94"}],"curies":[{"name":"wp","href":"https:\/\/api.w.org\/{rel}","templated":true}]}}