{"id":29,"date":"2023-12-17T20:20:34","date_gmt":"2023-12-17T19:20:34","guid":{"rendered":"https:\/\/mjcarsimport.com\/?page_id=29"},"modified":"2024-01-22T22:29:05","modified_gmt":"2024-01-22T21:29:05","slug":"partenaires","status":"publish","type":"page","link":"https:\/\/mjcarsimport.com\/index.php\/partenaires\/","title":{"rendered":"Partenaires"},"content":{"rendered":"\n<div style=\"height:72px\" aria-hidden=\"true\" class=\"wp-block-spacer\"><\/div>\n\n\n\n<h2 class=\"wp-block-heading\">PR\u00c9PARATION ESTH\u00c9TIQUE<\/h2>\n\n\n\n<p class=\"has-text-align-left\">L&#8217;ATELIER STANDING est notre partenaire de confiance en mati\u00e8re de pr\u00e9paration esth\u00e9tique de v\u00e9hicules. Leurs \u00e9quipes apportent un soin tout particulier dans les op\u00e9rations de lustrage, nettoyage int\u00e9rieur et ext\u00e9rieur de votre v\u00e9hicule ainsi que pour toute autre intervention \u00e0 la demande.<\/p>\n\n\n\n<p>MJ CARS IMPORT vous propose des formules compl\u00e8tes \u00e0 tarifs pr\u00e9f\u00e9rentiels qui mettrons en valeur votre nouvelle acquisition tout en prolongeant les propri\u00e9t\u00e9s des mat\u00e9riaux haut de gamme qui composent vos si\u00e8ges, votre volant ainsi que tout autre \u00e9l\u00e9ment amen\u00e9 \u00e0 s&#8217;user dans le temps. Entretenir esth\u00e9tiquement son v\u00e9hicule \u00e0 \u00e9ch\u00e9ances r\u00e9guli\u00e8res est aussi un excellent moyen de pr\u00e9server sa valeur et son attractivit\u00e9 dans le cadre de sa revente quelques ann\u00e9es plus tard.<\/p>\n\n\n\n<p>Avec une offre de services compl\u00e8te, un mat\u00e9riel professionnel et des pr\u00e9parateurs qualifi\u00e9s, votre v\u00e9hicule n&#8217;a jamais \u00e9t\u00e9 entre de si bonnes mains.<\/p>\n\n\n\n<p>L&#8217;ATELIER STANDING propose les prestations suivantes :<\/p>\n\n\n\n<ul>\n<li>R\u00e9novation de vos phares (pon\u00e7age et lustrage)<\/li>\n\n\n\n<li>Nettoyage et l&#8217;entretien des si\u00e8ges (tissus, cuir, alcantara)<\/li>\n\n\n\n<li>Enl\u00e8vement de r\u00e9sine et de goudron <\/li>\n\n\n\n<li>Pon\u00e7age et lustrage de la carrosserie<\/li>\n\n\n\n<li>Traitement c\u00e9ramique complet<\/li>\n<\/ul>\n\n\n\n<div style=\"height:40px\" aria-hidden=\"true\" class=\"wp-block-spacer\"><\/div>\n\n\n\n<div class=\"wp-block-columns is-layout-flex wp-container-core-columns-layout-1 wp-block-columns-is-layout-flex\">\n<div class=\"wp-block-column is-layout-flow wp-block-column-is-layout-flow\">\n<figure class=\"wp-block-image size-large\"><img loading=\"lazy\" decoding=\"async\" width=\"900\" height=\"1600\" src=\"https:\/\/mjcarsimport.com\/wp-content\/uploads\/2024\/01\/WhatsApp-Image-2024-01-21-a-19.50.27_c385cb84-1-edited.jpg\" alt=\"\" class=\"wp-image-552\" srcset=\"https:\/\/mjcarsimport.com\/wp-content\/uploads\/2024\/01\/WhatsApp-Image-2024-01-21-a-19.50.27_c385cb84-1-edited.jpg 900w, https:\/\/mjcarsimport.com\/wp-content\/uploads\/2024\/01\/WhatsApp-Image-2024-01-21-a-19.50.27_c385cb84-1-edited-169x300.jpg 169w, https:\/\/mjcarsimport.com\/wp-content\/uploads\/2024\/01\/WhatsApp-Image-2024-01-21-a-19.50.27_c385cb84-1-edited-576x1024.jpg 576w, https:\/\/mjcarsimport.com\/wp-content\/uploads\/2024\/01\/WhatsApp-Image-2024-01-21-a-19.50.27_c385cb84-1-edited-768x1365.jpg 768w, https:\/\/mjcarsimport.com\/wp-content\/uploads\/2024\/01\/WhatsApp-Image-2024-01-21-a-19.50.27_c385cb84-1-edited-864x1536.jpg 864w\" sizes=\"(max-width: 900px) 100vw, 900px\" \/><\/figure>\n<\/div>\n\n\n\n<div class=\"wp-block-column is-layout-flow wp-block-column-is-layout-flow\">\n<figure class=\"wp-block-video\"><video controls src=\"https:\/\/mjcarsimport.com\/wp-content\/uploads\/2024\/01\/WhatsApp-Video-2024-01-21-a-13.30.58_179b0ad6-6.mp4\"><\/video><\/figure>\n<\/div>\n\n\n\n<div class=\"wp-block-column is-layout-flow wp-block-column-is-layout-flow\">\n<figure class=\"wp-block-image size-large\"><img loading=\"lazy\" decoding=\"async\" width=\"900\" height=\"1600\" src=\"https:\/\/mjcarsimport.com\/wp-content\/uploads\/2024\/01\/WhatsApp-Image-2024-01-21-a-19.50.31_ff37aa54-edited.jpg\" alt=\"\" class=\"wp-image-547\" srcset=\"https:\/\/mjcarsimport.com\/wp-content\/uploads\/2024\/01\/WhatsApp-Image-2024-01-21-a-19.50.31_ff37aa54-edited.jpg 900w, https:\/\/mjcarsimport.com\/wp-content\/uploads\/2024\/01\/WhatsApp-Image-2024-01-21-a-19.50.31_ff37aa54-edited-169x300.jpg 169w, https:\/\/mjcarsimport.com\/wp-content\/uploads\/2024\/01\/WhatsApp-Image-2024-01-21-a-19.50.31_ff37aa54-edited-576x1024.jpg 576w, https:\/\/mjcarsimport.com\/wp-content\/uploads\/2024\/01\/WhatsApp-Image-2024-01-21-a-19.50.31_ff37aa54-edited-768x1365.jpg 768w, https:\/\/mjcarsimport.com\/wp-content\/uploads\/2024\/01\/WhatsApp-Image-2024-01-21-a-19.50.31_ff37aa54-edited-864x1536.jpg 864w\" sizes=\"(max-width: 900px) 100vw, 900px\" \/><\/figure>\n<\/div>\n<\/div>\n\n\n\n<div style=\"height:40px\" aria-hidden=\"true\" class=\"wp-block-spacer\"><\/div>\n\n\n\n<h2 class=\"wp-block-heading\">ENTRETIEN M\u00c9CANIQUE &amp; PI\u00c8CES PERFORMANCE<\/h2>\n\n\n\n<p>Vos v\u00e9hicules sont contr\u00f4l\u00e9s et entretenus par notre garagiste partenaire ind\u00e9pendant cumulant 20 ans d&#8217;exp\u00e9rience dans le domaine de la m\u00e9canique automobile. Ses \u00e9quipes sont en mesure de r\u00e9aliser un large panel d&#8217;op\u00e9rations sur tous types de v\u00e9hicules, notamment sur des mod\u00e8les sportifs \/ haut de gamme avec une pr\u00e9dilection toute particuli\u00e8re sur les marques allemandes (AUDI, BMW, MERCEDES,VOLKSWAGEN). <\/p>\n\n\n\n<p>En parlant de sportivit\u00e9, la pose \u00e0 la demande de pi\u00e8ces performance n&#8217;est pas en reste. Si vous souhaitez faire r\u00e9aliser la pose d&#8217;une admission sp\u00e9cifique, d&#8217;une ligne sur mesure ou de tout autre \u00e9l\u00e9ment destin\u00e9 \u00e0 am\u00e9liorer l&#8217;agr\u00e9ment de conduite ainsi que l&#8217;efficacit\u00e9 de votre v\u00e9hicule il vous suffit d&#8217;en faire la demande aupr\u00e8s de nos services. Un devis d\u00e9taill\u00e9 vous sera alors remis.<\/p>\n\n\n\n<div style=\"height:40px\" aria-hidden=\"true\" class=\"wp-block-spacer\"><\/div>\n\n\n\n<figure class=\"wp-block-gallery has-nested-images columns-default is-cropped wp-block-gallery-1 is-layout-flex wp-block-gallery-is-layout-flex\">\n<figure class=\"wp-block-image size-large\"><img loading=\"lazy\" decoding=\"async\" width=\"1024\" height=\"683\" data-id=\"341\" src=\"https:\/\/mjcarsimport.com\/wp-content\/uploads\/2024\/01\/reparateurs-voitures-utilisant-ordinateur-portable-tout-effectuant-diagnostic-moteur-voiture-dans-atelier-reparation-automobile-Copie-1024x683.jpg\" alt=\"\" class=\"wp-image-341\" srcset=\"https:\/\/mjcarsimport.com\/wp-content\/uploads\/2024\/01\/reparateurs-voitures-utilisant-ordinateur-portable-tout-effectuant-diagnostic-moteur-voiture-dans-atelier-reparation-automobile-Copie-1024x683.jpg 1024w, https:\/\/mjcarsimport.com\/wp-content\/uploads\/2024\/01\/reparateurs-voitures-utilisant-ordinateur-portable-tout-effectuant-diagnostic-moteur-voiture-dans-atelier-reparation-automobile-Copie-300x200.jpg 300w, https:\/\/mjcarsimport.com\/wp-content\/uploads\/2024\/01\/reparateurs-voitures-utilisant-ordinateur-portable-tout-effectuant-diagnostic-moteur-voiture-dans-atelier-reparation-automobile-Copie-768x512.jpg 768w, https:\/\/mjcarsimport.com\/wp-content\/uploads\/2024\/01\/reparateurs-voitures-utilisant-ordinateur-portable-tout-effectuant-diagnostic-moteur-voiture-dans-atelier-reparation-automobile-Copie-1536x1024.jpg 1536w, https:\/\/mjcarsimport.com\/wp-content\/uploads\/2024\/01\/reparateurs-voitures-utilisant-ordinateur-portable-tout-effectuant-diagnostic-moteur-voiture-dans-atelier-reparation-automobile-Copie-2048x1365.jpg 2048w\" sizes=\"(max-width: 1024px) 100vw, 1024px\" \/><\/figure>\n\n\n\n<figure class=\"wp-block-image size-large\"><img loading=\"lazy\" decoding=\"async\" width=\"564\" height=\"846\" data-id=\"339\" src=\"https:\/\/mjcarsimport.com\/wp-content\/uploads\/2024\/01\/1d503d6a1ccc0842bc2030d95c1ec02a-2.jpg\" alt=\"\" class=\"wp-image-339\" srcset=\"https:\/\/mjcarsimport.com\/wp-content\/uploads\/2024\/01\/1d503d6a1ccc0842bc2030d95c1ec02a-2.jpg 564w, https:\/\/mjcarsimport.com\/wp-content\/uploads\/2024\/01\/1d503d6a1ccc0842bc2030d95c1ec02a-2-200x300.jpg 200w\" sizes=\"(max-width: 564px) 100vw, 564px\" \/><\/figure>\n\n\n\n<figure class=\"wp-block-image size-large\"><img loading=\"lazy\" decoding=\"async\" width=\"1024\" height=\"683\" data-id=\"340\" src=\"https:\/\/mjcarsimport.com\/wp-content\/uploads\/2024\/01\/mecanicien-femme-tenant-pieces-rechange-voiture-1-1024x683.jpg\" alt=\"\" class=\"wp-image-340\" srcset=\"https:\/\/mjcarsimport.com\/wp-content\/uploads\/2024\/01\/mecanicien-femme-tenant-pieces-rechange-voiture-1-1024x683.jpg 1024w, https:\/\/mjcarsimport.com\/wp-content\/uploads\/2024\/01\/mecanicien-femme-tenant-pieces-rechange-voiture-1-300x200.jpg 300w, https:\/\/mjcarsimport.com\/wp-content\/uploads\/2024\/01\/mecanicien-femme-tenant-pieces-rechange-voiture-1-768x512.jpg 768w, https:\/\/mjcarsimport.com\/wp-content\/uploads\/2024\/01\/mecanicien-femme-tenant-pieces-rechange-voiture-1-1536x1024.jpg 1536w, https:\/\/mjcarsimport.com\/wp-content\/uploads\/2024\/01\/mecanicien-femme-tenant-pieces-rechange-voiture-1-2048x1365.jpg 2048w\" sizes=\"(max-width: 1024px) 100vw, 1024px\" \/><\/figure>\n<\/figure>\n\n\n\n<div style=\"height:40px\" aria-hidden=\"true\" class=\"wp-block-spacer\"><\/div>\n\n\n\n<h2 class=\"wp-block-heading\">EXPERTISE DES V\u00c9HICULES ET GARANTIES AUTOMOBILES<\/h2>\n\n\n\n<p>L&#8217;achat d&#8217;un v\u00e9hicule d&#8217;occasion peut toujours pr\u00e9senter un risque m\u00e9canique pour l&#8217;acheteur. C&#8217;est la raison pour laquelle MJ CARS IMPORT s&#8217;est entour\u00e9 d&#8217;un r\u00e9seau d&#8217;experts ind\u00e9pendants que nous mandatons pour l&#8217;expertise des v\u00e9hicules achet\u00e9s au sein de l&#8217;UE. <\/p>\n\n\n\n<p>Avant toute acquisition d\u00e9finitive d&#8217;un v\u00e9hicule nous demandons \u00e0 notre expert de se rendre sur place afin d&#8217;examiner le v\u00e9hicule et relever toute anomalie potentielle pouvant alt\u00e9rer la prise de d\u00e9cision de l&#8217;acheteur final. Cela passe notamment par l\u2019inspection des composants int\u00e9rieurs et ext\u00e9rieurs (\u00e9clairage, pneumatiques, direction, organes de s\u00e9curit\u00e9, absence de rouille ou corrosion, contr\u00f4le du kilom\u00e9trage du v\u00e9hicule, inspection de la carrosserie et pr\u00e9sence effective des \u00e9l\u00e9ments en options \u00e9nonc\u00e9s dans l&#8217;annonce).<\/p>\n\n\n\n<p>MJ CARS IMPORT vous apporte aussi une r\u00e9elle s\u00e9r\u00e9nit\u00e9 en faisant appel aux services de garantisseurs fran\u00e7ais capables de vous proposer sune extension de garantie ainsi que la couverture des pannes m\u00e9caniques diverses (moteur, boite etc.). Ce service optionnel sera \u00e0 \u00e9tudier au cas par cas selon le mod\u00e8le de v\u00e9hicule import\u00e9, son age ainsi que ses diverses sp\u00e9cificit\u00e9s.<\/p>\n\n\n\n<p>Parmi les nombreux avantages dont vous pouvez b\u00e9n\u00e9ficier voici-ci dessous les principaux int\u00e9r\u00eats \u00e0 faire appel \u00e0 un acteur d\u00e9di\u00e9 :<\/p>\n\n\n\n<ul>\n<li>Aucune avance de frais pour les r\u00e9parations*<\/li>\n\n\n\n<li>Rapidit\u00e9 de r\u00e9ponse pour intervention sur le v\u00e9hicule<\/li>\n\n\n\n<li>Une assistance routi\u00e8re 24h\/24 et 7j\/7*<\/li>\n\n\n\n<li>Une garantie cessible lors de la revente du v\u00e9hicule \u00e0 un autre particulier<\/li>\n\n\n\n<li>Une protection qui s\u2019\u00e9tend dans toute l\u2019Union Europ\u00e9enne*<\/li>\n<\/ul>\n\n\n\n<p>*<em>Selon les formules retenues et conform\u00e9ment au contrat sign\u00e9<\/em><\/p>\n\n\n\n<div style=\"height:40px\" aria-hidden=\"true\" class=\"wp-block-spacer\"><\/div>\n\n\n\n<h2 class=\"wp-block-heading\">D\u00c9MARCHES ADMINISTRATIVES ET CONFORMIT\u00c9<\/h2>\n\n\n\n<p>Les d\u00e9marches administratives courantes telles que le r\u00e8glement du malus \u00e9cologique, de la TVA ainsi que la r\u00e9ponse \u00e0 de nombreuses autres obligations l\u00e9gales telles que la premi\u00e8re immatriculation en France, la r\u00e9ception de la plaque d&#8217;immatriculation provisoire etc. Sont autant d&#8217;actions \u00e0 suivre scrupuleusement afin d&#8217;\u00e9viter toute mauvaise surprises lors de la d\u00e9claration du v\u00e9hicule sur le territoire national. <\/p>\n\n\n\n<p>C&#8217;est la raison pour laquelle nous assurons le suivi de votre dossier aupr\u00e8s d&#8217;un organisme sp\u00e9cialis\u00e9 dont l&#8217;activit\u00e9 est effective depuis plus de 30 ans et par lequel des milliers de v\u00e9hicules \u00e9trangers ont pu \u00eatre immatricul\u00e9s en toute s\u00e9r\u00e9nit\u00e9 pour la premi\u00e8re fois en France. Ce prestataire de confiance domicili\u00e9 en HAUTE-GARONNE est membre de la FNPI (F\u00e9d\u00e9ration Nationale des Professionnels de l&#8217;Immatriculation) depuis 2005. <\/p>\n\n\n\n<p><em>Cette attestation couvre d&#8217;une part l&#8217;habilitation au titre de la proc\u00e9dure T\u00e9l\u00e9cartegrise, d&#8217;autre part, l&#8217;habilitation au titre de l&#8217;assistance aux usagers en mati\u00e8re d&#8217;op\u00e9rations administratives relatives \u00e0 l&#8217;immatriculation des cyclomoteurs.<\/em><\/p>\n","protected":false},"excerpt":{"rendered":"<p>PR\u00c9PARATION ESTH\u00c9TIQUE L&#8217;ATELIER STANDING est notre partenaire de confiance en mati\u00e8re de pr\u00e9paration esth\u00e9tique de v\u00e9hicules. Leurs \u00e9quipes apportent un soin tout particulier dans les op\u00e9rations de lustrage, nettoyage int\u00e9rieur et ext\u00e9rieur de votre v\u00e9hicule ainsi que pour toute autre intervention \u00e0 la demande. MJ CARS IMPORT vous propose des formules compl\u00e8tes \u00e0 tarifs pr\u00e9f\u00e9rentiels [&hellip;]<\/p>\n","protected":false},"author":1,"featured_media":0,"parent":0,"menu_order":4,"comment_status":"closed","ping_status":"closed","template":"","meta":{"footnotes":""},"_links":{"self":[{"href":"https:\/\/mjcarsimport.com\/index.php\/wp-json\/wp\/v2\/pages\/29"}],"collection":[{"href":"https:\/\/mjcarsimport.com\/index.php\/wp-json\/wp\/v2\/pages"}],"about":[{"href":"https:\/\/mjcarsimport.com\/index.php\/wp-json\/wp\/v2\/types\/page"}],"author":[{"embeddable":true,"href":"https:\/\/mjcarsimport.com\/index.php\/wp-json\/wp\/v2\/users\/1"}],"replies":[{"embeddable":true,"href":"https:\/\/mjcarsimport.com\/index.php\/wp-json\/wp\/v2\/comments?post=29"}],"version-history":[{"count":49,"href":"https:\/\/mjcarsimport.com\/index.php\/wp-json\/wp\/v2\/pages\/29\/revisions"}],"predecessor-version":[{"id":553,"href":"https:\/\/mjcarsimport.com\/index.php\/wp-json\/wp\/v2\/pages\/29\/revisions\/553"}],"wp:attachment":[{"href":"https:\/\/mjcarsimport.com\/index.php\/wp-json\/wp\/v2\/media?parent=29"}],"curies":[{"name":"wp","href":"https:\/\/api.w.org\/{rel}","templated":true}]}}