{"id":27,"date":"2023-12-17T20:20:29","date_gmt":"2023-12-17T19:20:29","guid":{"rendered":"https:\/\/mjcarsimport.com\/?page_id=27"},"modified":"2024-01-21T15:57:24","modified_gmt":"2024-01-21T14:57:24","slug":"faq","status":"publish","type":"page","link":"https:\/\/mjcarsimport.com\/index.php\/faq\/","title":{"rendered":"FAQ"},"content":{"rendered":"\n<div style=\"height:100px\" aria-hidden=\"true\" class=\"wp-block-spacer\"><\/div>\n\n\n\n<div class=\"wp-block-group alignwide is-layout-constrained wp-block-group-is-layout-constrained\"><div class=\"wp-block-group__inner-container\">\n<h2 class=\"wp-block-heading\">Quels sont les avantages \u00e0 importer son v\u00e9hicule d&#8217;Allemagne ?<\/h2>\n\n\n\n<p><\/p>\n\n\n\n<p>Les Fran\u00e7ais peuvent b\u00e9n\u00e9ficier de plusieurs avantages en achetant une voiture en Allemagne:<\/p>\n\n\n\n<p><br>En premier lieu, en raison de la concurrence accrue sur le march\u00e9, les prix des voitures sont souvent moins chers en Allemagne qu&#8217;en France. Il n&#8217;est pas rare de noter une diff\u00e9rence de prix \u00e0 hauteur de 25% sur certains v\u00e9hicules de marque Allemandes.&nbsp;<\/p>\n\n\n\n<p><br>De plus, en raison des normes tr\u00e8s strictes de s\u00e9curit\u00e9 et de qualit\u00e9 en&nbsp;Allemagne, les voitures sont souvent tr\u00e8s bien entretenues et de haute qualit\u00e9, de plus il y a des options suppl\u00e9mentaires qui ne sont pas forc\u00e9ment pr\u00e9sentes sur les v\u00e9hicules destin\u00e9s au march\u00e9 Fran\u00e7ais.&nbsp;<\/p>\n\n\n\n<h2 class=\"wp-block-heading\">Comment s\u2019acquitter de la TVA si celle-ci est applicable ?<\/h2>\n\n\n\n<p>Les \u00e9quipes de MJ Cars  Import s&#8217;occupent de r\u00e9aliser les d\u00e9marches administratives pour vous, nous r\u00e9alisons le quitus fiscal afin que vous n&#8217;ayez aucune d\u00e9marche \u00e0 r\u00e9aliser. Nous vous avertirons au pr\u00e9alable si la TVA est \u00e0 payer sur le v\u00e9hicule ou si celle-ci \u00e0 d\u00e9j\u00e0 \u00e9t\u00e9 acquitt\u00e9e. <\/p>\n\n\n\n<h2 class=\"wp-block-heading\">Comment savoir si mon v\u00e9hicule est soumis au malus \u00e9cologique ?<\/h2>\n\n\n\n<p>Le malus \u00e9cologique est une taxe qui est appliqu\u00e9e en fonction des \u00e9missions de CO2 de votre v\u00e9hicule. La valeur de ce malus n&#8217;est pas la m\u00eame pour tous les v\u00e9hicules cependant son impact financier peut \u00eatre cons\u00e9quent selon la motorisation retenue, l&#8217;anciennet\u00e9 du v\u00e9hicule ainsi que son poids.<\/p>\n\n\n\n<p>Il est conseill\u00e9 de faire la demande d&#8217;une simulation de la valeur du malus \u00e9cologique lors de notre premi\u00e8re prise de contact  afin de d\u00e9terminer en amont les frais \u00e0 engager et faire un choix \u00e9clair\u00e9 parmi la s\u00e9lection de v\u00e9hicules que nous avons pu retenir. Ceci est une \u00e9tape importante du processus d&#8217;\u00e9tude avant achat destin\u00e9 \u00e0 identifier l&#8217;enveloppe globale qui devra y \u00eatre consacr\u00e9e.  Faire appel aux \u00e9quipes de MJ Cars Import pourra vous \u00e9viter les mauvaises surprises. <\/p>\n\n\n\n<h2 class=\"wp-block-heading\">Puis-je rouler avec mon v\u00e9hicule en attendant mes plaques et la carte grise d\u00e9finitive ? <\/h2>\n\n\n\n<p>Il est tout \u00e0 fait possible de rouler avec un v\u00e9hicule fra\u00eechement import\u00e9 si celui-ci dispose de plaques WW provisoires ainsi que d&#8217;un certificat d&#8217;assurance valable. Nos \u00e9quipes respectent scrupuleusement les diff\u00e9rentes \u00e9tapes relatives aux statuts d&#8217;immatriculation de votre nouveau v\u00e9hicule. Nous vous tenons inform\u00e9s par t\u00e9l\u00e9phone et par mail de l&#8217;avancement des d\u00e9marches aupr\u00e8s de la pr\u00e9fecture. <\/p>\n\n\n\n<p>Pour information, les plaques WW provisoires sont valables pour une dur\u00e9e limit\u00e9e de 4 mois et permettent de rouler en France comme dans l&#8217;Union Europ\u00e9enne sans limite de kilom\u00e9trage. Toutefois ces derni\u00e8res seront \u00e0 remplacer par les plaques d&#8217;immatriculation d\u00e9finitives une fois la proc\u00e9dure cl\u00f4tur\u00e9e.<\/p>\n\n\n\n<p>En ce qui concerne l&#8217;assurance du v\u00e9hicule, vous devrez obligatoirement l&#8217;assurer le jour m\u00eame de sa restitution par nos services en transmettant \u00e0 votre assureur la carte grise provisoire ainsi que la carte grise d\u00e9finitive lorsque celle-ci sera re\u00e7ue par nos services. <\/p>\n\n\n\n<h2 class=\"wp-block-heading\">Quelles sont les garanties associ\u00e9es \u00e0 mon v\u00e9hicules ? <\/h2>\n\n\n\n<p>Pour la majorit\u00e9 des v\u00e9hicules achet\u00e9s dans une concession officielle (BMW, PORSCHE ou AUDI) par exemple, une garantie Europ\u00e9enne vous sera fournie. Ceci n&#8217;est pas le cas pour les v\u00e9hicules achet\u00e9s chez des revendeurs ind\u00e9pendants. Afin de palier cette lacune nous vous donnons la possibilit\u00e9 de contracter une garantie optionnelle aupr\u00e8s de nos organismes partenaires afin de vous pr\u00e9munir de toute d\u00e9faillance technique dans les mois ou ann\u00e9es qui suivent l&#8217;achat de votre v\u00e9hicule.<\/p>\n\n\n\n<h2 class=\"wp-block-heading\">Est-il possible de passer par un financement pour mon v\u00e9hicule ?<\/h2>\n\n\n\n<p>Oui, il est tout \u00e0 fait possible de passer par un financement pour l&#8217;achat de votre v\u00e9hicule, nous nous occupons de monter le dossier aupr\u00e8s de nos partenaires et revenons vers vous sous 48 \u00e0 72h. Faire le choix d&#8217;un financement aupr\u00e8s d&#8217;un organisme tier pour acheter son v\u00e9hicule est aussi un moyen pour vous de vous affranchir des pr\u00eats bancaires parfois longs \u00e0 obtenir et pour lesquels les conditions peuvent \u00eatre moins avantageuses.<\/p>\n\n\n\n<h2 class=\"wp-block-heading\">Des question suppl\u00e9mentaires ? <\/h2>\n\n\n\n<div class=\"wp-block-buttons is-layout-flex wp-block-buttons-is-layout-flex\">\n<div class=\"wp-block-button\"><a class=\"wp-block-button__link wp-element-button\" href=\"https:\/\/linktr.ee\/mjcarsimport\">Nous contacter<\/a><\/div>\n<\/div>\n\n\n\n<p> <\/p>\n<\/div><\/div>\n\n\n\n<p><\/p>\n","protected":false},"excerpt":{"rendered":"<p>Quels sont les avantages \u00e0 importer son v\u00e9hicule d&#8217;Allemagne ? Les Fran\u00e7ais peuvent b\u00e9n\u00e9ficier de plusieurs avantages en achetant une voiture en Allemagne: En premier lieu, en raison de la concurrence accrue sur le march\u00e9, les prix des voitures sont souvent moins chers en Allemagne qu&#8217;en France. Il n&#8217;est pas rare de noter une diff\u00e9rence [&hellip;]<\/p>\n","protected":false},"author":1,"featured_media":0,"parent":0,"menu_order":3,"comment_status":"closed","ping_status":"closed","template":"","meta":{"footnotes":""},"_links":{"self":[{"href":"https:\/\/mjcarsimport.com\/index.php\/wp-json\/wp\/v2\/pages\/27"}],"collection":[{"href":"https:\/\/mjcarsimport.com\/index.php\/wp-json\/wp\/v2\/pages"}],"about":[{"href":"https:\/\/mjcarsimport.com\/index.php\/wp-json\/wp\/v2\/types\/page"}],"author":[{"embeddable":true,"href":"https:\/\/mjcarsimport.com\/index.php\/wp-json\/wp\/v2\/users\/1"}],"replies":[{"embeddable":true,"href":"https:\/\/mjcarsimport.com\/index.php\/wp-json\/wp\/v2\/comments?post=27"}],"version-history":[{"count":21,"href":"https:\/\/mjcarsimport.com\/index.php\/wp-json\/wp\/v2\/pages\/27\/revisions"}],"predecessor-version":[{"id":500,"href":"https:\/\/mjcarsimport.com\/index.php\/wp-json\/wp\/v2\/pages\/27\/revisions\/500"}],"wp:attachment":[{"href":"https:\/\/mjcarsimport.com\/index.php\/wp-json\/wp\/v2\/media?parent=27"}],"curies":[{"name":"wp","href":"https:\/\/api.w.org\/{rel}","templated":true}]}}