{"id":21,"date":"2023-12-17T20:20:12","date_gmt":"2023-12-17T19:20:12","guid":{"rendered":"https:\/\/mjcarsimport.com\/?page_id=21"},"modified":"2024-01-21T20:13:36","modified_gmt":"2024-01-21T19:13:36","slug":"a-propos","status":"publish","type":"page","link":"https:\/\/mjcarsimport.com\/","title":{"rendered":"Accueil"},"content":{"rendered":"\n<div class=\"wp-block-group is-layout-constrained wp-block-group-is-layout-constrained\" style=\"padding-top:var(--wp--preset--spacing--40);padding-right:var(--wp--preset--spacing--30);padding-bottom:var(--wp--preset--spacing--40);padding-left:var(--wp--preset--spacing--30)\"><div class=\"wp-block-group__inner-container\">\n<div class=\"wp-block-group is-layout-constrained wp-block-group-is-layout-constrained\"><div class=\"wp-block-group__inner-container\">\n<div style=\"height:44px;width:0px\" aria-hidden=\"true\" class=\"wp-block-spacer\"><\/div>\n\n\n\n<div class=\"wp-block-cover alignwide wp-duotone-unset-1\" style=\"min-height:696px\"><span aria-hidden=\"true\" class=\"wp-block-cover__background has-background-dim-20 has-background-dim\"><\/span><img loading=\"lazy\" decoding=\"async\" width=\"1920\" height=\"1080\" class=\"wp-block-cover__image-background wp-image-68\" alt=\"\" src=\"https:\/\/mjcarsimport.com\/wp-content\/uploads\/2023\/12\/porsche-8182100_1920-2.jpg\" data-object-fit=\"cover\" srcset=\"https:\/\/mjcarsimport.com\/wp-content\/uploads\/2023\/12\/porsche-8182100_1920-2.jpg 1920w, https:\/\/mjcarsimport.com\/wp-content\/uploads\/2023\/12\/porsche-8182100_1920-2-300x169.jpg 300w, https:\/\/mjcarsimport.com\/wp-content\/uploads\/2023\/12\/porsche-8182100_1920-2-1024x576.jpg 1024w, https:\/\/mjcarsimport.com\/wp-content\/uploads\/2023\/12\/porsche-8182100_1920-2-768x432.jpg 768w, https:\/\/mjcarsimport.com\/wp-content\/uploads\/2023\/12\/porsche-8182100_1920-2-1536x864.jpg 1536w\" sizes=\"(max-width: 1920px) 100vw, 1920px\" \/><div class=\"wp-block-cover__inner-container is-layout-flow wp-block-cover-is-layout-flow\">\n<p class=\"has-text-align-center has-large-font-size\"><mark style=\"background-color:rgba(0, 0, 0, 0)\" class=\"has-inline-color has-white-color\"><strong>MJ CARS IMPORT <\/strong><\/mark><\/p>\n\n\n\n<p class=\"has-text-align-center has-medium-font-size\"><strong><mark style=\"background-color:rgba(0, 0, 0, 0)\" class=\"has-inline-color has-white-color\">LA PASSION AUTOMOBILE POUR ADN<\/mark><\/strong><\/p>\n\n\n\n<p class=\"has-text-align-center has-medium-font-size\"><mark style=\"background-color:rgba(0, 0, 0, 0)\" class=\"has-inline-color has-white-color\"><strong>Vous accompagne dans vos projets d&#8217;imports de v\u00e9hicules \u00e0 l&#8217;\u00e9chelle Europ\u00e9enne<\/strong><\/mark><\/p>\n<\/div><\/div>\n<\/div><\/div>\n<\/div><\/div>\n\n\n\n<div class=\"wp-block-group alignwide is-layout-constrained wp-block-group-is-layout-constrained\"><div class=\"wp-block-group__inner-container\">\n<div style=\"height:71px\" aria-hidden=\"true\" class=\"wp-block-spacer\"><\/div>\n<\/div><\/div>\n\n\n\n<div class=\"wp-block-group is-layout-constrained wp-block-group-is-layout-constrained\"><div class=\"wp-block-group__inner-container\">\n<div class=\"wp-block-media-text alignwide has-media-on-the-right is-stacked-on-mobile is-vertically-aligned-center is-image-fill\" style=\"grid-template-columns:auto 31%\"><div class=\"wp-block-media-text__content\">\n<h2 class=\"wp-block-heading has-text-align-left\"><strong>La recherche personnalis\u00e9e<\/strong><\/h2>\n\n\n\n<p>MJ CARS IMPORT se charge de rechercher \u00e0 travers l&#8217;Europe les mod\u00e8les de v\u00e9hicules de vos r\u00eaves selon un cahier des charges d\u00e9fini en amont selon vos go\u00fbts et vos exigences personnelles. <\/p>\n\n\n\n<p>Nous identifions ensemble lors d&#8217;un rendez-vous pr\u00e9alable le type de v\u00e9hicule que vous souhaitez, vos constructeurs de pr\u00e9dilection ainsi que l&#8217;ensemble des crit\u00e8res qui rendent votre choix particulier (motorisation, finition, \u00e9dition limit\u00e9e, options sp\u00e9cifiques, kilom\u00e9trage et bien plus encore)<\/p>\n\n\n\n<div style=\"height:37px\" aria-hidden=\"true\" class=\"wp-block-spacer\"><\/div>\n\n\n\n<div class=\"wp-block-buttons is-layout-flex wp-block-buttons-is-layout-flex\">\n<div class=\"wp-block-button\"><a class=\"wp-block-button__link wp-element-button\" href=\"https:\/\/mjcarsimport.com\/index.php\/recherche-personnalisee\/\" target=\"_blank\" rel=\"noreferrer noopener\">En apprendre plus sur la recherche personnalis\u00e9e<\/a><\/div>\n<\/div>\n<\/div><figure class=\"wp-block-media-text__media\" style=\"background-image:url(https:\/\/mjcarsimport.com\/wp-content\/uploads\/2024\/01\/stock-photo-young-business-man-working-at-home-with-laptop-and-papers-on-desk-1654831870-transformed-1-1024x677.jpeg);background-position:50% 50%\"><img loading=\"lazy\" decoding=\"async\" width=\"1024\" height=\"677\" src=\"https:\/\/mjcarsimport.com\/wp-content\/uploads\/2024\/01\/stock-photo-young-business-man-working-at-home-with-laptop-and-papers-on-desk-1654831870-transformed-1-1024x677.jpeg\" alt=\"\" class=\"wp-image-521 size-full\" srcset=\"https:\/\/mjcarsimport.com\/wp-content\/uploads\/2024\/01\/stock-photo-young-business-man-working-at-home-with-laptop-and-papers-on-desk-1654831870-transformed-1-1024x677.jpeg 1024w, https:\/\/mjcarsimport.com\/wp-content\/uploads\/2024\/01\/stock-photo-young-business-man-working-at-home-with-laptop-and-papers-on-desk-1654831870-transformed-1-300x198.jpeg 300w, https:\/\/mjcarsimport.com\/wp-content\/uploads\/2024\/01\/stock-photo-young-business-man-working-at-home-with-laptop-and-papers-on-desk-1654831870-transformed-1-768x508.jpeg 768w, https:\/\/mjcarsimport.com\/wp-content\/uploads\/2024\/01\/stock-photo-young-business-man-working-at-home-with-laptop-and-papers-on-desk-1654831870-transformed-1.jpeg 1125w\" sizes=\"(max-width: 1024px) 100vw, 1024px\" \/><\/figure><\/div>\n\n\n\n<div style=\"height:68px\" aria-hidden=\"true\" class=\"wp-block-spacer\"><\/div>\n\n\n\n<div class=\"wp-block-media-text alignwide is-stacked-on-mobile is-vertically-aligned-center is-image-fill\" style=\"grid-template-columns:41% auto\"><figure class=\"wp-block-media-text__media\" style=\"background-image:url(https:\/\/mjcarsimport.com\/wp-content\/uploads\/2024\/01\/stock-photo-big-car-carrier-truck-of-new-luxury-sport-german-cars-delivery-to-dealership-truck-of-new-1709621173-transformed-1-1024x616.jpeg);background-position:50% 50%\"><img loading=\"lazy\" decoding=\"async\" width=\"1024\" height=\"616\" src=\"https:\/\/mjcarsimport.com\/wp-content\/uploads\/2024\/01\/stock-photo-big-car-carrier-truck-of-new-luxury-sport-german-cars-delivery-to-dealership-truck-of-new-1709621173-transformed-1-1024x616.jpeg\" alt=\"\" class=\"wp-image-523 size-full\" srcset=\"https:\/\/mjcarsimport.com\/wp-content\/uploads\/2024\/01\/stock-photo-big-car-carrier-truck-of-new-luxury-sport-german-cars-delivery-to-dealership-truck-of-new-1709621173-transformed-1-1024x616.jpeg 1024w, https:\/\/mjcarsimport.com\/wp-content\/uploads\/2024\/01\/stock-photo-big-car-carrier-truck-of-new-luxury-sport-german-cars-delivery-to-dealership-truck-of-new-1709621173-transformed-1-300x181.jpeg 300w, https:\/\/mjcarsimport.com\/wp-content\/uploads\/2024\/01\/stock-photo-big-car-carrier-truck-of-new-luxury-sport-german-cars-delivery-to-dealership-truck-of-new-1709621173-transformed-1-768x462.jpeg 768w, https:\/\/mjcarsimport.com\/wp-content\/uploads\/2024\/01\/stock-photo-big-car-carrier-truck-of-new-luxury-sport-german-cars-delivery-to-dealership-truck-of-new-1709621173-transformed-1.jpeg 1125w\" sizes=\"(max-width: 1024px) 100vw, 1024px\" \/><\/figure><div class=\"wp-block-media-text__content\">\n<h2 class=\"wp-block-heading has-text-align-left\"><strong>L<\/strong>&#8216;Import de v\u00e9hicules<\/h2>\n\n\n\n<p>Nous faisons rapatrier votre nouvelle acquisition par l&#8217;interm\u00e9diaire de notre transporteur de confiance. La livraison de votre v\u00e9hicule se fait de mani\u00e8re professionnelle, s\u00e9curis\u00e9e et efficace. <\/p>\n\n\n\n<p>Il est tout \u00e0 fait possible de ramener le v\u00e9hicule par la route, les \u00e9quipes de MJ CARS IMPORT prendront le plus grand soin de votre v\u00e9hicule. <\/p>\n\n\n\n<p>Les v\u00e9hicules command\u00e9s transitent couverts et \u00e0 l&#8217;abri des intemp\u00e9ries. L&#8217;\u00e9tat du v\u00e9hicule est contr\u00f4l\u00e9 lors de son premier chargement sur la remorque ainsi que lors de sa r\u00e9ception finale. Pour chaque import nous constituons un dossier photo et vid\u00e9o afin de vous assurer une totale transparence quant au bon respect de la carrosserie et de l&#8217;esth\u00e9tique g\u00e9n\u00e9rale du v\u00e9hicule.<\/p>\n\n\n\n<p>Vous \u00eates bien \u00e9videmment averti \u00e0 chacune des \u00e9tapes de livraison par t\u00e9l\u00e9phone et par mail afin de vous garantir une tra\u00e7abilit\u00e9 compl\u00e8te de l&#8217;avancement du processus. <\/p>\n\n\n\n<div class=\"wp-block-buttons is-layout-flex wp-block-buttons-is-layout-flex\">\n<div class=\"wp-block-button\"><a class=\"wp-block-button__link wp-element-button\" href=\"https:\/\/mjcarsimport.com\/index.php\/import-de-vehicules\/\" target=\"_blank\" rel=\"noreferrer noopener\">L&#8217;import et ses d\u00e9tails<\/a><\/div>\n<\/div>\n<\/div><\/div>\n<\/div><\/div>\n\n\n\n<div class=\"wp-block-group alignwide is-layout-constrained wp-block-group-is-layout-constrained\"><div class=\"wp-block-group__inner-container\">\n<div style=\"height:86px\" aria-hidden=\"true\" class=\"wp-block-spacer\"><\/div>\n<\/div><\/div>\n\n\n\n<div class=\"wp-block-media-text has-media-on-the-right is-stacked-on-mobile is-vertically-aligned-center is-image-fill\" style=\"grid-template-columns:auto 30%\"><div class=\"wp-block-media-text__content\">\n<h2 class=\"wp-block-heading has-text-align-left\"><strong>L<\/strong>&#8216;accompagnement aux d\u00e9marches administratives<\/h2>\n\n\n\n<p>Les d\u00e9marches administratives sont non seulement chronophages, lourdes et source de stress pour grand nombre de particuliers. C&#8217;est la raison pour laquelle les \u00e9quipes de MJ CARS IMPORT prennent \u00e0 leur charge la r\u00e9alisation de l&#8217;int\u00e9gralit\u00e9 des d\u00e9marches administratives lors de la validation de la commande. Les \u00e9quipes de MJ CARS IMPORT sont en mesure de vous assister de A \u00e0 Z afin de vous accorder une tranquilit\u00e9 d&#8217;esprit. <\/p>\n\n\n\n<p>Que cela concerne le d\u00e9douanement, la premi\u00e8re immatriculation en France, le passage du contr\u00f4le technique ou toutes autres obligations l\u00e9gales, nous validons pour vous chacune des \u00e9tapes de constitution du dossier aupr\u00e8s de l&#8217;administration fran\u00e7aise et des interlocuteurs \u00e9trangers.<\/p>\n\n\n\n<p>Faire appel \u00e0 un professionnel pour importer son v\u00e9hicule c&#8217;est \u00e0 la fois se pr\u00e9munir de tout risque l\u00e9gal mais aussi d&#8217;\u00e9viter d&#8217;\u00e9ventuelles mauvaises surprises lors de l&#8217;enregistrement de votre v\u00e9hicule (malus \u00e9cologique \u00e0 r\u00e9gler, carte grise non-conforme, v\u00e9hicule identifi\u00e9 dans le registre des v\u00e9hicules vol\u00e9s)&#8230;<\/p>\n\n\n\n<div class=\"wp-block-buttons is-layout-flex wp-block-buttons-is-layout-flex\">\n<div class=\"wp-block-button\"><a class=\"wp-block-button__link wp-element-button\" href=\"https:\/\/mjcarsimport.com\/index.php\/accompagnement-administratif\/\" target=\"_blank\" rel=\"noreferrer noopener\">Les d\u00e9marches de A \u00e0 Z, de fa\u00e7on transparente et sans stress<\/a><\/div>\n<\/div>\n<\/div><figure class=\"wp-block-media-text__media\" style=\"background-image:url(https:\/\/mjcarsimport.com\/wp-content\/uploads\/2024\/01\/stock-photo-an-employee-sits-at-a-table-full-of-paper-stamp-on-the-pile-of-unfinished-documents-a-young-2153469263-transformed-1024x679.jpeg);background-position:50% 50%\"><img loading=\"lazy\" decoding=\"async\" width=\"1024\" height=\"679\" src=\"https:\/\/mjcarsimport.com\/wp-content\/uploads\/2024\/01\/stock-photo-an-employee-sits-at-a-table-full-of-paper-stamp-on-the-pile-of-unfinished-documents-a-young-2153469263-transformed-1024x679.jpeg\" alt=\"\" class=\"wp-image-520 size-full\" srcset=\"https:\/\/mjcarsimport.com\/wp-content\/uploads\/2024\/01\/stock-photo-an-employee-sits-at-a-table-full-of-paper-stamp-on-the-pile-of-unfinished-documents-a-young-2153469263-transformed-1024x679.jpeg 1024w, https:\/\/mjcarsimport.com\/wp-content\/uploads\/2024\/01\/stock-photo-an-employee-sits-at-a-table-full-of-paper-stamp-on-the-pile-of-unfinished-documents-a-young-2153469263-transformed-300x199.jpeg 300w, https:\/\/mjcarsimport.com\/wp-content\/uploads\/2024\/01\/stock-photo-an-employee-sits-at-a-table-full-of-paper-stamp-on-the-pile-of-unfinished-documents-a-young-2153469263-transformed-768x509.jpeg 768w, https:\/\/mjcarsimport.com\/wp-content\/uploads\/2024\/01\/stock-photo-an-employee-sits-at-a-table-full-of-paper-stamp-on-the-pile-of-unfinished-documents-a-young-2153469263-transformed.jpeg 1125w\" sizes=\"(max-width: 1024px) 100vw, 1024px\" \/><\/figure><\/div>\n","protected":false},"excerpt":{"rendered":"<p>La recherche personnalis\u00e9e MJ CARS IMPORT se charge de rechercher \u00e0 travers l&#8217;Europe les mod\u00e8les de v\u00e9hicules de vos r\u00eaves selon un cahier des charges d\u00e9fini en amont selon vos go\u00fbts et vos exigences personnelles. Nous identifions ensemble lors d&#8217;un rendez-vous pr\u00e9alable le type de v\u00e9hicule que vous souhaitez, vos constructeurs de pr\u00e9dilection ainsi que [&hellip;]<\/p>\n","protected":false},"author":1,"featured_media":0,"parent":0,"menu_order":0,"comment_status":"closed","ping_status":"closed","template":"","meta":{"footnotes":""},"_links":{"self":[{"href":"https:\/\/mjcarsimport.com\/index.php\/wp-json\/wp\/v2\/pages\/21"}],"collection":[{"href":"https:\/\/mjcarsimport.com\/index.php\/wp-json\/wp\/v2\/pages"}],"about":[{"href":"https:\/\/mjcarsimport.com\/index.php\/wp-json\/wp\/v2\/types\/page"}],"author":[{"embeddable":true,"href":"https:\/\/mjcarsimport.com\/index.php\/wp-json\/wp\/v2\/users\/1"}],"replies":[{"embeddable":true,"href":"https:\/\/mjcarsimport.com\/index.php\/wp-json\/wp\/v2\/comments?post=21"}],"version-history":[{"count":121,"href":"https:\/\/mjcarsimport.com\/index.php\/wp-json\/wp\/v2\/pages\/21\/revisions"}],"predecessor-version":[{"id":529,"href":"https:\/\/mjcarsimport.com\/index.php\/wp-json\/wp\/v2\/pages\/21\/revisions\/529"}],"wp:attachment":[{"href":"https:\/\/mjcarsimport.com\/index.php\/wp-json\/wp\/v2\/media?parent=21"}],"curies":[{"name":"wp","href":"https:\/\/api.w.org\/{rel}","templated":true}]}}